{"id":22,"date":"2020-10-22T13:12:40","date_gmt":"2020-10-22T13:12:40","guid":{"rendered":"https:\/\/newsletter.schmitzpartner.de\/?page_id=22"},"modified":"2020-10-27T09:19:29","modified_gmt":"2020-10-27T09:19:29","slug":"mandantenbrief-bestellen","status":"publish","type":"page","link":"https:\/\/newsletter.schmitzpartner.de\/","title":{"rendered":"Mandantenbrief bestellen"},"content":{"rendered":"\t\t<div data-elementor-type=\"wp-page\" data-elementor-id=\"22\" class=\"elementor elementor-22\" data-elementor-post-type=\"page\">\n\t\t\t\t\t\t<section class=\"elementor-section elementor-top-section elementor-element elementor-element-a9d4351 elementor-section-boxed elementor-section-height-default elementor-section-height-default\" data-id=\"a9d4351\" data-element_type=\"section\" data-e-type=\"section\">\n\t\t\t\t\t\t<div class=\"elementor-container elementor-column-gap-default\">\n\t\t\t\t\t<div class=\"elementor-column elementor-col-100 elementor-top-column elementor-element elementor-element-2c97d71\" data-id=\"2c97d71\" data-element_type=\"column\" data-e-type=\"column\">\n\t\t\t<div class=\"elementor-widget-wrap elementor-element-populated\">\n\t\t\t\t\t\t<div class=\"elementor-element elementor-element-585586e elementor-widget elementor-widget-image\" data-id=\"585586e\" data-element_type=\"widget\" data-e-type=\"widget\" data-widget_type=\"image.default\">\n\t\t\t\t<div class=\"elementor-widget-container\">\n\t\t\t\t\t\t\t\t\t\t\t\t\t\t\t<img decoding=\"async\" width=\"394\" height=\"50\" src=\"https:\/\/newsletter.schmitzpartner.de\/wp-content\/uploads\/2020\/10\/Logo_SP_RGB.jpg\" class=\"attachment-large size-large wp-image-26\" alt=\"\" srcset=\"https:\/\/newsletter.schmitzpartner.de\/wp-content\/uploads\/2020\/10\/Logo_SP_RGB.jpg 394w, https:\/\/newsletter.schmitzpartner.de\/wp-content\/uploads\/2020\/10\/Logo_SP_RGB-300x38.jpg 300w, https:\/\/newsletter.schmitzpartner.de\/wp-content\/uploads\/2020\/10\/Logo_SP_RGB-100x13.jpg 100w, https:\/\/newsletter.schmitzpartner.de\/wp-content\/uploads\/2020\/10\/Logo_SP_RGB-150x19.jpg 150w, https:\/\/newsletter.schmitzpartner.de\/wp-content\/uploads\/2020\/10\/Logo_SP_RGB-200x25.jpg 200w\" sizes=\"(max-width: 394px) 100vw, 394px\" \/>\t\t\t\t\t\t\t\t\t\t\t\t\t\t\t<\/div>\n\t\t\t\t<\/div>\n\t\t\t\t<div class=\"elementor-element elementor-element-9213c09 elementor-widget elementor-widget-text-editor\" data-id=\"9213c09\" data-element_type=\"widget\" data-e-type=\"widget\" data-widget_type=\"text-editor.default\">\n\t\t\t\t<div class=\"elementor-widget-container\">\n\t\t\t\t\t\t\t\t\t<h1>Unser Mandantenbrief<\/h1><p>Hier haben Sie die M\u00f6glichkeit unseren Mandantenbrief zu bestellen. Sie erhalten diesen monatlich kostenfrei per E-Mail an Ihre E-Mailanschrift als PDF-Datei zugestellt. <br \/><br \/>Bitte geben Sie Ihren Namen und Ihre E-Mailanschrift an und klicken Sie auf absenden. Anschlie\u00dfend erhalten Sie eine E-Mail an die angegebene E-Mailadresse. Dort werden Sie aufgefordert die Bestellung zu best\u00e4tigen. <br \/>Sollten Sie unseren Mandantenbrief nicht mehr erhalten wollen, klicken Sie bitte [<b>hier<\/b>] und folgen den Anweisungen.<\/p><p>Wir w\u00fcnschen Ihnen viel Spa\u00df beim Lesen unseres Mandantenbriefs. <br \/><br \/>Ihre <b>Schmitz+Partner mbB Steuerbartungsgesellschaft<\/b><\/p>\t\t\t\t\t\t\t\t<\/div>\n\t\t\t\t<\/div>\n\t\t\t\t<div class=\"elementor-element elementor-element-01e3333 elementor-widget elementor-widget-wpforms\" data-id=\"01e3333\" data-element_type=\"widget\" data-e-type=\"widget\" data-widget_type=\"wpforms.default\">\n\t\t\t\t<div class=\"elementor-widget-container\">\n\t\t\t\t\t<div class=\"wpforms-container wpforms-container-full\" id=\"wpforms-21\"><form id=\"wpforms-form-21\" class=\"wpforms-validate wpforms-form\" data-formid=\"21\" method=\"post\" enctype=\"multipart\/form-data\" action=\"\/index.php\/wp-json\/wp\/v2\/pages\/22\" data-token=\"24b085f8bfa86bbb44c45e9e063b0d87\" data-token-time=\"1775305385\"><noscript class=\"wpforms-error-noscript\">Bitte aktiviere JavaScript in deinem Browser, um dieses Formular fertigzustellen.<\/noscript><div class=\"wpforms-field-container\"><div id=\"wpforms-21-field_1-container\" class=\"wpforms-field wpforms-field-name\" data-field-id=\"1\"><label class=\"wpforms-field-label\">Name <span class=\"wpforms-required-label\">*<\/span><\/label><div class=\"wpforms-field-row wpforms-field-medium\"><div class=\"wpforms-field-row-block wpforms-first wpforms-one-half\"><input type=\"text\" id=\"wpforms-21-field_1\" class=\"wpforms-field-name-first wpforms-field-required\" name=\"wpforms[fields][1][first]\" required><label for=\"wpforms-21-field_1\" class=\"wpforms-field-sublabel after\">Vorname<\/label><\/div><div class=\"wpforms-field-row-block wpforms-one-half\"><input type=\"text\" id=\"wpforms-21-field_1-last\" class=\"wpforms-field-name-last wpforms-field-required\" name=\"wpforms[fields][1][last]\" required><label for=\"wpforms-21-field_1-last\" class=\"wpforms-field-sublabel after\">Nachname<\/label><\/div><\/div><\/div><div id=\"wpforms-21-field_2-container\" class=\"wpforms-field wpforms-field-email\" data-field-id=\"2\"><label class=\"wpforms-field-label\" for=\"wpforms-21-field_2\">E-Mail <span class=\"wpforms-required-label\">*<\/span><\/label><input type=\"email\" id=\"wpforms-21-field_2\" class=\"wpforms-field-medium wpforms-field-required\" name=\"wpforms[fields][2]\" spellcheck=\"false\" required><\/div><div id=\"wpforms-21-field_5-container\" class=\"wpforms-field wpforms-field-hidden\" data-field-id=\"5\"><input type=\"hidden\" id=\"wpforms-21-field_5\" name=\"wpforms[fields][5]\"><\/div><div id=\"wpforms-21-field_6-container\" class=\"wpforms-field wpforms-field-hidden\" data-field-id=\"6\"><input type=\"hidden\" id=\"wpforms-21-field_6\" name=\"wpforms[fields][6]\"><\/div><\/div><!-- .wpforms-field-container --><div class=\"wpforms-submit-container\" ><input type=\"hidden\" name=\"wpforms[id]\" value=\"21\"><input type=\"hidden\" name=\"page_title\" value=\"\"><input type=\"hidden\" name=\"page_url\" value=\"https:\/\/newsletter.schmitzpartner.de\/index.php\/wp-json\/wp\/v2\/pages\/22\"><input type=\"hidden\" name=\"url_referer\" value=\"\"><button type=\"submit\" name=\"wpforms[submit]\" id=\"wpforms-submit-21\" class=\"wpforms-submit\" aria-live=\"assertive\" value=\"wpforms-submit\">Absenden<\/button><\/div><\/form><\/div>  <!-- .wpforms-container -->\t\t\t\t<\/div>\n\t\t\t\t<\/div>\n\t\t\t\t<div class=\"elementor-element elementor-element-9c82132 elementor-widget elementor-widget-text-editor\" data-id=\"9c82132\" data-element_type=\"widget\" data-e-type=\"widget\" data-widget_type=\"text-editor.default\">\n\t\t\t\t<div class=\"elementor-widget-container\">\n\t\t\t\t\t\t\t\t\t<p>* Pflichtfeld<\/p>\t\t\t\t\t\t\t\t<\/div>\n\t\t\t\t<\/div>\n\t\t\t\t\t<\/div>\n\t\t<\/div>\n\t\t\t\t\t<\/div>\n\t\t<\/section>\n\t\t\t\t<section class=\"elementor-section elementor-top-section elementor-element elementor-element-fc6300d elementor-section-boxed elementor-section-height-default elementor-section-height-default\" data-id=\"fc6300d\" data-element_type=\"section\" data-e-type=\"section\">\n\t\t\t\t\t\t<div class=\"elementor-container elementor-column-gap-default\">\n\t\t\t\t\t<div class=\"elementor-column elementor-col-100 elementor-top-column elementor-element elementor-element-3386f39\" data-id=\"3386f39\" data-element_type=\"column\" data-e-type=\"column\">\n\t\t\t<div class=\"elementor-widget-wrap elementor-element-populated\">\n\t\t\t\t\t\t<div class=\"elementor-element elementor-element-a932aa3 elementor-widget elementor-widget-text-editor\" data-id=\"a932aa3\" data-element_type=\"widget\" data-e-type=\"widget\" data-widget_type=\"text-editor.default\">\n\t\t\t\t<div class=\"elementor-widget-container\">\n\t\t\t\t\t\t\t\t\t<h3><b>Datenschutzhinweis<\/b><\/h3><p>Bei der Bestellung unseres Mandantenbriefes erheben und speichern wir folgende Daten.<\/p><ul><li>Vor- und Zuname<\/li><li>E-Mailanschrift<\/li><li>Datum der Bestellung\/Abbestellung<\/li><li>IP-Adresse und Browserversion<\/li><\/ul><p>Die oben angegebenen Daten werden zum Zwecke der Nachweisbarkeit der Bestellung oder Abestellung und zur Zustellung per E-Mail gespeichert und genutzt.<br \/>Name und E-Mailanschrift werden so lange gespeichert bis der Bezug des Mandantenbriefes andauert. Es werden keine Daten anderweitig genutzt oder weitergegeben. Die Speicherung der Daten erfolgt auf Servern in Deutschland oder der EU und sind dort durch Verschl\u00fcsselung vor unbefugten Zugriffen gesch\u00fctzt. Mit Klick auf den &#8220;Absenden&#8221; Button erkl\u00e4ren Sie sich Einverstanden, dass wir\u00a0 Ihre Daten wie hier dargestellt zu nutzen und verarbeiten.<\/p>\t\t\t\t\t\t\t\t<\/div>\n\t\t\t\t<\/div>\n\t\t\t\t\t<\/div>\n\t\t<\/div>\n\t\t\t\t\t<\/div>\n\t\t<\/section>\n\t\t\t\t<\/div>\n\t\t","protected":false},"excerpt":{"rendered":"<p>Unser Mandantenbrief Hier haben Sie die M\u00f6glichkeit unseren Mandantenbrief zu bestellen. Sie erhalten diesen monatlich kostenfrei per E-Mail an Ihre E-Mailanschrift als PDF-Datei zugestellt. Bitte geben Sie Ihren Namen und Ihre E-Mailanschrift an und klicken Sie auf absenden. Anschlie\u00dfend erhalten Sie eine E-Mail an die angegebene E-Mailadresse. Dort werden Sie aufgefordert die Bestellung zu best\u00e4tigen. [&hellip;]<\/p>\n","protected":false},"author":1,"featured_media":0,"parent":0,"menu_order":0,"comment_status":"closed","ping_status":"closed","template":"elementor_canvas","meta":{"footnotes":""},"class_list":["post-22","page","type-page","status-publish","hentry"],"_links":{"self":[{"href":"https:\/\/newsletter.schmitzpartner.de\/index.php\/wp-json\/wp\/v2\/pages\/22","targetHints":{"allow":["GET"]}}],"collection":[{"href":"https:\/\/newsletter.schmitzpartner.de\/index.php\/wp-json\/wp\/v2\/pages"}],"about":[{"href":"https:\/\/newsletter.schmitzpartner.de\/index.php\/wp-json\/wp\/v2\/types\/page"}],"author":[{"embeddable":true,"href":"https:\/\/newsletter.schmitzpartner.de\/index.php\/wp-json\/wp\/v2\/users\/1"}],"replies":[{"embeddable":true,"href":"https:\/\/newsletter.schmitzpartner.de\/index.php\/wp-json\/wp\/v2\/comments?post=22"}],"version-history":[{"count":19,"href":"https:\/\/newsletter.schmitzpartner.de\/index.php\/wp-json\/wp\/v2\/pages\/22\/revisions"}],"predecessor-version":[{"id":50,"href":"https:\/\/newsletter.schmitzpartner.de\/index.php\/wp-json\/wp\/v2\/pages\/22\/revisions\/50"}],"wp:attachment":[{"href":"https:\/\/newsletter.schmitzpartner.de\/index.php\/wp-json\/wp\/v2\/media?parent=22"}],"curies":[{"name":"wp","href":"https:\/\/api.w.org\/{rel}","templated":true}]}}